{"id":2536,"date":"2016-02-03T12:45:07","date_gmt":"2016-02-03T11:45:07","guid":{"rendered":"http:\/\/rttheme20.rtthemes.com\/?page_id=2536"},"modified":"2023-09-03T23:43:06","modified_gmt":"2023-09-03T21:43:06","slug":"pytania","status":"publish","type":"page","link":"https:\/\/brael.com.pl\/de\/pytania\/","title":{"rendered":"Fragen &#038; Antworten"},"content":{"rendered":"<p>[vc_row rt_row_background_width=&#8220;fullwidth&#8220; rt_row_content_width=&#8220;default&#8220; rt_row_style=&#8220;default-style&#8220; rt_row_borders=&#8220;&#8220; rt_row_shadows=&#8220;&#8220; rt_column_view=&#8220;boxed_columns&#8220; rt_row_paddings=&#8220;true&#8220; rt_bg_effect=&#8220;classic&#8220; rt_bg_image_repeat=&#8220;repeat&#8220; rt_bg_size=&#8220;cover&#8220; rt_bg_position=&#8220;right top&#8220; rt_bg_attachment=&#8220;scroll&#8220; rt_bg_video_format=&#8220;self-hosted&#8220;][vc_column rt_column_shadow=&#8220;&#8220; rt_bg_image_repeat=&#8220;repeat&#8220; rt_bg_size=&#8220;auto auto&#8220; rt_bg_attachment=&#8220;scroll&#8220;]\n<div id=\"blog-dynamicID-603437\" class=\"blog_list clearfix row\" data-column-width=\"1\">\n<article id=\"3119\" class=\"col col-sm-12 post-3119 post type-post status-publish format-standard hentry category-qa\">\n \n\n<!-- blog box-->\n\n\t\n\t<div class=\"entry-content text\">\n\n\t\t\n\t\t\t\t<!-- blog headline-->\n\t\t<h2 class=\"entry-title\"><a href=\"https:\/\/brael.com.pl\/de\/co-zrobic-kiedy-detektor-tetna-sprawia-problem\/\" rel=\"bookmark\">Was tun, wenn der Herzfrequenzmesser ein Problem verursacht?<\/a><\/h2> \n\t\t\n\t\t<p>Wenn seltsame Ger\u00e4usche auftreten, \u00fcberpr\u00fcfen Sie den fetalen Herzfrequenzmesser in einer anderen Umgebung&#8230; <a class=\"more-link\" href=\"https:\/\/brael.com.pl\/de\/co-zrobic-kiedy-detektor-tetna-sprawia-problem\/\">Continue reading<\/a><\/p>\n\n\t<\/div> \n\n\n\t\r\n\t\t<!-- meta data -->\r\n\t\t<div class=\"post_data\">\r\n\r\n\t\t\t\t\t\t<!-- date -->                                     \r\n\t\t\t<span class=\"icon-line-clock date margin-right20\"><a href=\"https:\/\/brael.com.pl\/de\/co-zrobic-kiedy-detektor-tetna-sprawia-problem\/\">Donnerstag, der 20. Mai 2021<\/a><\/span>\r\n\t\t\t\t\t\t\t\r\n\r\n\t\t\t\t\t\t<!-- user -->                                     \r\n\t\t\t<span class=\"icon-new-user-1 user margin-right20\"><a href=\"https:\/\/brael.com.pl\/de\/author\/admin\/\" title=\"Beitr\u00e4ge von @admin\" rel=\"author\">@admin<\/a><\/span>\r\n\t\t\t\t\t\t\t\r\n\t\t\t\t\t\t<!-- categories -->\r\n\t\t\t<span class=\"icon-flow-cascade categories\"><a href=\"https:\/\/brael.com.pl\/de\/category\/qa\/\" rel=\"category tag\">Pytania i odpowiedzi<\/a><\/span>\r\n\t\t\t\r\n\t\t\t\r\n\t\t\t\r\n\t\t\t\r\n\t\t<\/div><!-- \/ end div  .post_data -->\r\n\t\n<!-- \/ blog box-->\n<\/article>\n<article id=\"3117\" class=\"col col-sm-12 post-3117 post type-post status-publish format-standard hentry category-qa\">\n \n\n<!-- blog box-->\n\n\t\n\t<div class=\"entry-content text\">\n\n\t\t\n\t\t\t\t<!-- blog headline-->\n\t\t<h2 class=\"entry-title\"><a href=\"https:\/\/brael.com.pl\/de\/co-to-sa-zaklocenia-kontaktowe-i-dlaczego-usuwanie-ich-jest-wazne\/\" rel=\"bookmark\">Was sind Kontaktst\u00f6rungen und warum ist es wichtig, sie zu beseitigen?<\/a><\/h2> \n\t\t\n\t\t<p>Beim Ber\u00fchren des Bauches und Bewegen des Kopfes treten starke, laute Signale auf, die bei der Schwangeren Angst ausl\u00f6sen und bei Verwendung von Kopfh\u00f6rern den Bediener f\u00fcr einen Moment bet\u00e4uben&#8230; <a class=\"more-link\" href=\"https:\/\/brael.com.pl\/de\/co-to-sa-zaklocenia-kontaktowe-i-dlaczego-usuwanie-ich-jest-wazne\/\">Continue reading<\/a><\/p>\n\n\t<\/div> \n\n\n\t\r\n\t\t<!-- meta data -->\r\n\t\t<div class=\"post_data\">\r\n\r\n\t\t\t\t\t\t<!-- date -->                                     \r\n\t\t\t<span class=\"icon-line-clock date margin-right20\"><a href=\"https:\/\/brael.com.pl\/de\/co-to-sa-zaklocenia-kontaktowe-i-dlaczego-usuwanie-ich-jest-wazne\/\">Donnerstag, der 20. Mai 2021<\/a><\/span>\r\n\t\t\t\t\t\t\t\r\n\r\n\t\t\t\t\t\t<!-- user -->                                     \r\n\t\t\t<span class=\"icon-new-user-1 user margin-right20\"><a href=\"https:\/\/brael.com.pl\/de\/author\/admin\/\" title=\"Beitr\u00e4ge von @admin\" rel=\"author\">@admin<\/a><\/span>\r\n\t\t\t\t\t\t\t\r\n\t\t\t\t\t\t<!-- categories -->\r\n\t\t\t<span class=\"icon-flow-cascade categories\"><a href=\"https:\/\/brael.com.pl\/de\/category\/qa\/\" rel=\"category tag\">Pytania i odpowiedzi<\/a><\/span>\r\n\t\t\t\r\n\t\t\t\r\n\t\t\t\r\n\t\t\t\r\n\t\t<\/div><!-- \/ end div  .post_data -->\r\n\t\n<!-- \/ blog box-->\n<\/article>\n<article id=\"3115\" class=\"col col-sm-12 post-3115 post type-post status-publish format-standard hentry category-qa\">\n \n\n<!-- blog box-->\n\n\t\n\t<div class=\"entry-content text\">\n\n\t\t\n\t\t\t\t<!-- blog headline-->\n\t\t<h2 class=\"entry-title\"><a href=\"https:\/\/brael.com.pl\/de\/jaka-wybrac-glowice\/\" rel=\"bookmark\">Welchen Kopf soll ich w\u00e4hlen?<\/a><\/h2> \n\t\t\n\t\t<p>Unsere Kameras sind mit zwei Arten von K\u00f6pfen ausgestattet: dem Schmalwinkelkopf BP2MHz und dem Weitwinkelkopf 7-Element B7P2MHz. Wir bieten in der Regel einen g\u00fcnstigeren Schmalwinkelkopf an, und wenn die Zeit entscheidend ist oder der Wunsch nach Bequemlichkeit besteht, einen Weitwinkelkopf&#8230; <a class=\"more-link\" href=\"https:\/\/brael.com.pl\/de\/jaka-wybrac-glowice\/\">Continue reading<\/a><\/p>\n\n\t<\/div> \n\n\n\t\r\n\t\t<!-- meta data -->\r\n\t\t<div class=\"post_data\">\r\n\r\n\t\t\t\t\t\t<!-- date -->                                     \r\n\t\t\t<span class=\"icon-line-clock date margin-right20\"><a href=\"https:\/\/brael.com.pl\/de\/jaka-wybrac-glowice\/\">Donnerstag, der 20. Mai 2021<\/a><\/span>\r\n\t\t\t\t\t\t\t\r\n\r\n\t\t\t\t\t\t<!-- user -->                                     \r\n\t\t\t<span class=\"icon-new-user-1 user margin-right20\"><a href=\"https:\/\/brael.com.pl\/de\/author\/admin\/\" title=\"Beitr\u00e4ge von @admin\" rel=\"author\">@admin<\/a><\/span>\r\n\t\t\t\t\t\t\t\r\n\t\t\t\t\t\t<!-- categories -->\r\n\t\t\t<span class=\"icon-flow-cascade categories\"><a href=\"https:\/\/brael.com.pl\/de\/category\/qa\/\" rel=\"category tag\">Pytania i odpowiedzi<\/a><\/span>\r\n\t\t\t\r\n\t\t\t\r\n\t\t\t\r\n\t\t\t\r\n\t\t<\/div><!-- \/ end div  .post_data -->\r\n\t\n<!-- \/ blog box-->\n<\/article>\n<article id=\"3113\" class=\"col col-sm-12 post-3113 post type-post status-publish format-standard hentry category-qa\">\n \n\n<!-- blog box-->\n\n\t\n\t<div class=\"entry-content text\">\n\n\t\t\n\t\t\t\t<!-- blog headline-->\n\t\t<h2 class=\"entry-title\"><a href=\"https:\/\/brael.com.pl\/de\/od-jakiego-tygodnia-ciazy-mozna-osluchac-serce-plodu\/\" rel=\"bookmark\">Ab welcher Schwangerschaftswoche kann man das Herz des F\u00f6tus abh\u00f6ren?<\/a><\/h2> \n\t\t\n\t\t<p>Die Erfahrung von Anwendern unserer Ger\u00e4te zeigt, dass eine Auskultation des Pulses bereits in der 9. Schwangerschaftswoche m\u00f6glich ist&#8230; <a class=\"more-link\" href=\"https:\/\/brael.com.pl\/de\/od-jakiego-tygodnia-ciazy-mozna-osluchac-serce-plodu\/\">Continue reading<\/a><\/p>\n\n\t<\/div> \n\n\n\t\r\n\t\t<!-- meta data -->\r\n\t\t<div class=\"post_data\">\r\n\r\n\t\t\t\t\t\t<!-- date -->                                     \r\n\t\t\t<span class=\"icon-line-clock date margin-right20\"><a href=\"https:\/\/brael.com.pl\/de\/od-jakiego-tygodnia-ciazy-mozna-osluchac-serce-plodu\/\">Donnerstag, der 20. Mai 2021<\/a><\/span>\r\n\t\t\t\t\t\t\t\r\n\r\n\t\t\t\t\t\t<!-- user -->                                     \r\n\t\t\t<span class=\"icon-new-user-1 user margin-right20\"><a href=\"https:\/\/brael.com.pl\/de\/author\/admin\/\" title=\"Beitr\u00e4ge von @admin\" rel=\"author\">@admin<\/a><\/span>\r\n\t\t\t\t\t\t\t\r\n\t\t\t\t\t\t<!-- categories -->\r\n\t\t\t<span class=\"icon-flow-cascade categories\"><a href=\"https:\/\/brael.com.pl\/de\/category\/qa\/\" rel=\"category tag\">Pytania i odpowiedzi<\/a><\/span>\r\n\t\t\t\r\n\t\t\t\r\n\t\t\t\r\n\t\t\t\r\n\t\t<\/div><!-- \/ end div  .post_data -->\r\n\t\n<!-- \/ blog box-->\n<\/article>\n<article id=\"3110\" class=\"col col-sm-12 post-3110 post type-post status-publish format-standard hentry category-qa\">\n \n\n<!-- blog box-->\n\n\t\n\t<div class=\"entry-content text\">\n\n\t\t\n\t\t\t\t<!-- blog headline-->\n\t\t<h2 class=\"entry-title\"><a href=\"https:\/\/brael.com.pl\/de\/czy-ultradzwieki-emitowane-przez-detektor-tetna-sa-szkodliwe\/\" rel=\"bookmark\">Ist der vom Herzfrequenzmesser abgegebene Ultraschall sch\u00e4dlich?<\/a><\/h2> \n\t\t\n\t\t<p>Ultraschall wird seit den 1960er Jahren in der medizinischen Diagnostik eingesetzt. Sch\u00e4tzungen zufolge werden weltweit t\u00e4glich etwa 5 Millionen schwangere Frauen mit fetalen Herzfrequenzdetektoren untersucht&#8230; <a class=\"more-link\" href=\"https:\/\/brael.com.pl\/de\/czy-ultradzwieki-emitowane-przez-detektor-tetna-sa-szkodliwe\/\">Continue reading<\/a><\/p>\n\n\t<\/div> \n\n\n\t\r\n\t\t<!-- meta data -->\r\n\t\t<div class=\"post_data\">\r\n\r\n\t\t\t\t\t\t<!-- date -->                                     \r\n\t\t\t<span class=\"icon-line-clock date margin-right20\"><a href=\"https:\/\/brael.com.pl\/de\/czy-ultradzwieki-emitowane-przez-detektor-tetna-sa-szkodliwe\/\">Donnerstag, der 20. Mai 2021<\/a><\/span>\r\n\t\t\t\t\t\t\t\r\n\r\n\t\t\t\t\t\t<!-- user -->                                     \r\n\t\t\t<span class=\"icon-new-user-1 user margin-right20\"><a href=\"https:\/\/brael.com.pl\/de\/author\/admin\/\" title=\"Beitr\u00e4ge von @admin\" rel=\"author\">@admin<\/a><\/span>\r\n\t\t\t\t\t\t\t\r\n\t\t\t\t\t\t<!-- categories -->\r\n\t\t\t<span class=\"icon-flow-cascade categories\"><a href=\"https:\/\/brael.com.pl\/de\/category\/qa\/\" rel=\"category tag\">Pytania i odpowiedzi<\/a><\/span>\r\n\t\t\t\r\n\t\t\t\r\n\t\t\t\r\n\t\t\t\r\n\t\t<\/div><!-- \/ end div  .post_data -->\r\n\t\n<!-- \/ blog box-->\n<\/article>\n<\/div>\n<div class=\"paging_wrapper margin-t30 margin-b30\"><ul class='page-numbers'>\n\t<li><span aria-current=\"page\" class=\"page-numbers current\">1<\/span><\/li>\n\t<li><a class=\"page-numbers\" href=\"https:\/\/brael.com.pl\/de\/wp-json\/wp\/v2\/pages\/2536\/page\/2\/\">2<\/a><\/li>\n\t<li><a class=\"next page-numbers\" href=\"https:\/\/brael.com.pl\/de\/wp-json\/wp\/v2\/pages\/2536\/page\/2\/\"><span class=\"icon-angle-right\"><\/span><\/a><\/li>\n<\/ul>\n<\/div>[\/vc_column][\/vc_row]<\/p>","protected":false},"excerpt":{"rendered":"<p>[vc_row rt_row_background_width=&#8220;fullwidth&#8220; rt_row_content_width=&#8220;default&#8220; rt_row_style=&#8220;default-style&#8220; rt_row_borders=&#8220;&#8220; rt_row_shadows=&#8220;&#8220; rt_column_view=&#8220;boxed_columns&#8220; rt_row_paddings=&#8220;true&#8220; rt_bg_effect=&#8220;classic&#8220; rt_bg_image_repeat=&#8220;repeat&#8220; rt_bg_size=&#8220;cover&#8220; rt_bg_position=&#8220;right top&#8220; rt_bg_attachment=&#8220;scroll&#8220; rt_bg_video_format=&#8220;self-hosted&#8220;][vc_column rt_column_shadow=&#8220;&#8220; rt_bg_image_repeat=&#8220;repeat&#8220; rt_bg_size=&#8220;auto auto&#8220; rt_bg_attachment=&#8220;scroll&#8220;][\/vc_column][\/vc_row&#8230; <a class=\"more-link\" href=\"https:\/\/brael.com.pl\/de\/czy-ultradzwieki-emitowane-przez-detektor-tetna-sa-szkodliwe\/\">Continue reading<\/a><\/p>\n","protected":false},"author":1,"featured_media":0,"parent":0,"menu_order":0,"comment_status":"closed","ping_status":"closed","template":"","meta":{"footnotes":""},"_links":{"self":[{"href":"https:\/\/brael.com.pl\/de\/wp-json\/wp\/v2\/pages\/2536"}],"collection":[{"href":"https:\/\/brael.com.pl\/de\/wp-json\/wp\/v2\/pages"}],"about":[{"href":"https:\/\/brael.com.pl\/de\/wp-json\/wp\/v2\/types\/page"}],"author":[{"embeddable":true,"href":"https:\/\/brael.com.pl\/de\/wp-json\/wp\/v2\/users\/1"}],"replies":[{"embeddable":true,"href":"https:\/\/brael.com.pl\/de\/wp-json\/wp\/v2\/comments?post=2536"}],"version-history":[{"count":6,"href":"https:\/\/brael.com.pl\/de\/wp-json\/wp\/v2\/pages\/2536\/revisions"}],"predecessor-version":[{"id":3490,"href":"https:\/\/brael.com.pl\/de\/wp-json\/wp\/v2\/pages\/2536\/revisions\/3490"}],"wp:attachment":[{"href":"https:\/\/brael.com.pl\/de\/wp-json\/wp\/v2\/media?parent=2536"}],"curies":[{"name":"wp","href":"https:\/\/api.w.org\/{rel}","templated":true}]}}