{"id":2568,"date":"2020-11-21T15:13:44","date_gmt":"2020-11-21T14:13:44","guid":{"rendered":"http:\/\/rttheme20.rtthemes.com\/?page_id=2568"},"modified":"2023-09-03T23:56:00","modified_gmt":"2023-09-03T21:56:00","slug":"kontakt","status":"publish","type":"page","link":"https:\/\/brael.com.pl\/de\/kontakt\/","title":{"rendered":"Kontakt"},"content":{"rendered":"<p>[vc_row rt_row_background_width=&#8220;fullwidth&#8220; rt_row_content_width=&#8220;default&#8220; rt_row_style=&#8220;default-style&#8220; rt_row_borders=&#8220;&#8220; rt_row_shadows=&#8220;&#8220; rt_column_view=&#8220;boxed_columns&#8220; rt_row_paddings=&#8220;true&#8220; rt_bg_effect=&#8220;classic&#8220; rt_bg_image_repeat=&#8220;repeat&#8220; rt_bg_size=&#8220;cover&#8220; rt_bg_position=&#8220;right top&#8220; rt_bg_attachment=&#8220;scroll&#8220; rt_bg_video_format=&#8220;self-hosted&#8220;][vc_column width=&#8220;1\/2&#8243; rt_column_shadow=&#8220;&#8220; rt_bg_image_repeat=&#8220;repeat&#8220; rt_bg_size=&#8220;auto auto&#8220; rt_bg_attachment=&#8220;scroll&#8220; rt_padding_top=&#8220;20&#8243; rt_padding_bottom=&#8220;20&#8243; rt_padding_left=&#8220;20&#8243; rt_padding_right=&#8220;20&#8243; rt_bg_color=&#8220;&#8220; rt_bg_overlay_color=&#8220;&#8220;][vc_single_image image=&#8220;3306&#8243; img_size=&#8220;full&#8220;]<div class=\"rt_heading_wrapper style-6\">\n\t\t\t\t\t\t<h5 class=\"rt_heading  style-6\" ><span class=\"icon-globe-2 heading_icon\"><\/span>Informacje kontaktowe<\/h5>\n\t\t\t\t\t<\/div>[vc_column_text]Wenn Sie Ger\u00e4te zur regelm\u00e4\u00dfigen Inspektion und Wartung an uns senden, richten Sie die Sendung bitte an:<br \/>\n<strong>BRAEL-Medizinische Ger\u00e4te<\/strong><br \/>\n<strong>SERVICE<\/strong>[\/vc_column_text][vc_separator style=&#8220;style-4&#8243; margin_top=&#8220;20&#8243; margin_bottom=&#8220;30&#8243;]\t \n\t\t<div  class=\"with_icons style-3 \">\n\t\t\t \n\t\t<div  >\n\t\t<span class=\"icon-line-globe icon\"><\/span><div class=\"list-content\"><p>BRAEL &#8211; Medizinische Ger\u00e4te<\/p>\n<\/div>\n\t\t<\/div>\n\t\t \n\t\t<div  >\n\t\t<span class=\"icon-address icon\"><\/span><div class=\"list-content\"><p>ul.Mo\u015bcickiego 1, 24-110 Pu\u0142awy<\/p>\n<\/div>\n\t\t<\/div>\n\t\t \n\t\t<div  >\n\t\t<span class=\"icon-phone icon\"><\/span><div class=\"list-content\"><p>+48 81 565 70 77<\/p>\n<\/div>\n\t\t<\/div>\n\t\t \n\t\t<div  >\n\t\t<span class=\"icon-line-clock icon\"><\/span><div class=\"list-content\"><p>8:00 &#8211; 15:00 poniedzia\u0142ek &#8211; pi\u0105tek<\/p>\n<\/div>\n\t\t<\/div>\n\t\t \n\t\t<div  >\n\t\t<span class=\"icon-mail icon\"><\/span><div class=\"list-content\"><p><a href=\"mailto:serwis@brael.com.pl\">serwis@brael.com.pl<\/a><\/p>\n<\/div>\n\t\t<\/div>\n\t\t \n\t\t<div  >\n\t\t<span class=\"icon-forward icon\"><\/span><div class=\"list-content\"><p>NIP: 716-129-81-32<\/p>\n<\/div>\n\t\t<\/div>\n\t\n\t\t<\/div>\n\t[\/vc_column][vc_column width=&#8220;1\/2&#8243; rt_column_shadow=&#8220;&#8220; rt_bg_image_repeat=&#8220;repeat&#8220; rt_bg_size=&#8220;auto auto&#8220; rt_bg_attachment=&#8220;scroll&#8220; rt_padding_top=&#8220;20&#8243; rt_padding_bottom=&#8220;20&#8243; rt_padding_left=&#8220;20&#8243; rt_padding_right=&#8220;20&#8243; rt_bg_color=&#8220;&#8220; rt_bg_overlay_color=&#8220;&#8220;]<div class=\"rt_heading_wrapper style-6\">\n\t\t\t\t\t\t<h5 class=\"rt_heading  style-6\" ><span class=\"icon-line-map heading_icon\"><\/span>Finden Sie uns auf der Google-Karte<\/h5>\n\t\t\t\t\t<\/div>[vc_gmaps link=&#8220;#E-8_JTNDaWZyYW1lJTIwc3JjJTNEJTIyaHR0cHMlM0ElMkYlMkZ3d3cuZ29vZ2xlLmNvbSUyRm1hcHMlMkZlbWJlZCUzRnBiJTNEJTIxMW0xOCUyMTFtMTIlMjExbTMlMjExZDQ5NzMuMzI1NTk5Njc3MDAyJTIxMmQyMS45NzE0MDIxNDAwMTgxNyUyMTNkNTEuNDQ1OTg2MjYyMzAwODElMjEybTMlMjExZjAlMjEyZjAlMjEzZjAlMjEzbTIlMjExaTEwMjQlMjEyaTc2OCUyMTRmMTMuMSUyMTNtMyUyMTFtMiUyMTFzMHg0NzIyNzk5N2RhY2M3MjdmJTI1M0EweDkzMmQzNjNkMWI5YTgxMGYlMjEyc0JyYWVsJTI1MjAtJTI1MjBBcGFyYXR5JTI1MjBtZWR5Y3puZSUyMTVlMCUyMTNtMiUyMTFzcGwlMjEyc3BsJTIxNHYxNjA1OTczMDcwMDY3JTIxNW0yJTIxMXNwbCUyMTJzcGwlMjIlMjB3aWR0aCUzRCUyMjYwMCUyMiUyMGhlaWdodCUzRCUyMjQ1MCUyMiUyMGZyYW1lYm9yZGVyJTNEJTIyMCUyMiUyMHN0eWxlJTNEJTIyYm9yZGVyJTNBMCUzQiUyMiUyMGFsbG93ZnVsbHNjcmVlbiUzRCUyMiUyMiUyMGFyaWEtaGlkZGVuJTNEJTIyZmFsc2UlMjIlMjB0YWJpbmRleCUzRCUyMjAlMjIlM0UlM0MlMkZpZnJhbWUlM0U=&#8220;][\/vc_column][\/vc_row]<\/p>","protected":false},"excerpt":{"rendered":"<p>[vc_row rt_row_background_width=&#8220;fullwidth&#8220; rt_row_content_width=&#8220;default&#8220; rt_row_style=&#8220;default-style&#8220; rt_row_borders=&#8220;&#8220; rt_row_shadows=&#8220;&#8220; rt_column_view=&#8220;boxed_columns&#8220; rt_row_paddings=&#8220;true&#8220; rt_bg_effect=&#8220;classic&#8220; rt_bg_image_repeat=&#8220;repeat&#8220; rt_bg_size=&#8220;cover&#8220; rt_bg_position=&#8220;right top&#8220; rt_bg_attachment=&#8220;scroll&#8220; rt_bg_video_format=&#8220;self-hosted&#8220;][vc_column width=&#8220;1\/2&#8243; rt_column_shadow=&#8220;&#8220; rt_bg_image_repeat=&#8220;repeat&#8220; rt_bg_size=&#8220;auto auto&#8220; rt_bg_attachment=&#8220;scroll&#8220; rt_padding_top=&#8220;20&#8243; rt_padding_bottom=&#8220;20&#8243; rt_padding_left=&#8220;20&#8243; rt_padding_right=&#8220;20&#8243; rt_bg_color=&#8220;&#8220; rt_bg_overlay_color=&#8220;&#8220;][vc_single_image image=&#8220;3306&#8243; img_size=&#8220;full&#8220;][vc_column_text]Wenn Sie Ger\u00e4te zur regelm\u00e4\u00dfigen Inspektion und Wartung an uns senden, richten Sie die Sendung bitte an: BRAEL-Medizinische Ger\u00e4te SERVICE[\/vc_column_text][vc_separator style=&#8220;style-4&#8243; margin_top=&#8220;20&#8243; margin_bottom=&#8220;30&#8243;][\/vc_column][vc_column width=&#8220;1\/2&#8243; rt_column_shadow=&#8220;&#8220; rt_bg_image_repeat=&#8220;repeat&#8220; rt_bg_size=&#8220;auto &#8230; <a class=\"more-link\" href=\"https:\/\/brael.com.pl\/de\/kontakt\/\">Continue reading<\/a><\/p>\n","protected":false},"author":1,"featured_media":0,"parent":0,"menu_order":0,"comment_status":"closed","ping_status":"closed","template":"","meta":{"footnotes":""},"_links":{"self":[{"href":"https:\/\/brael.com.pl\/de\/wp-json\/wp\/v2\/pages\/2568"}],"collection":[{"href":"https:\/\/brael.com.pl\/de\/wp-json\/wp\/v2\/pages"}],"about":[{"href":"https:\/\/brael.com.pl\/de\/wp-json\/wp\/v2\/types\/page"}],"author":[{"embeddable":true,"href":"https:\/\/brael.com.pl\/de\/wp-json\/wp\/v2\/users\/1"}],"replies":[{"embeddable":true,"href":"https:\/\/brael.com.pl\/de\/wp-json\/wp\/v2\/comments?post=2568"}],"version-history":[{"count":23,"href":"https:\/\/brael.com.pl\/de\/wp-json\/wp\/v2\/pages\/2568\/revisions"}],"predecessor-version":[{"id":3498,"href":"https:\/\/brael.com.pl\/de\/wp-json\/wp\/v2\/pages\/2568\/revisions\/3498"}],"wp:attachment":[{"href":"https:\/\/brael.com.pl\/de\/wp-json\/wp\/v2\/media?parent=2568"}],"curies":[{"name":"wp","href":"https:\/\/api.w.org\/{rel}","templated":true}]}}