{"id":2686,"date":"2016-01-15T21:31:50","date_gmt":"2016-01-15T21:31:50","guid":{"rendered":"http:\/\/rttheme20.rtthemes.com\/?page_id=5"},"modified":"2023-05-21T16:00:30","modified_gmt":"2023-05-21T14:00:30","slug":"onas","status":"publish","type":"page","link":"https:\/\/brael.com.pl\/de\/onas\/","title":{"rendered":"O nas"},"content":{"rendered":"<p>[vc_row rt_row_background_width=&#8220;fullwidth&#8220; rt_row_content_width=&#8220;default&#8220; rt_row_style=&#8220;alt-style-2&#8243; rt_row_borders=&#8220;&#8220; rt_row_shadows=&#8220;&#8220; rt_row_paddings=&#8220;true&#8220; rt_bg_effect=&#8220;parallax&#8220; rt_bg_parallax_effect=&#8220;1&#8243; rt_bg_image_repeat=&#8220;repeat&#8220; rt_bg_size=&#8220;cover&#8220; rt_bg_position=&#8220;center bottom&#8220; rt_bg_video_format=&#8220;self-hosted&#8220; rt_padding_top=&#8220;190&#8243; rt_padding_bottom=&#8220;0&#8243; rt_grid=&#8220;&#8220; rt_bg_color=&#8220;#a2a5aa&#8220; rt_bg_overlay_color=&#8220;rgba(162,165,170,0.75)&#8220; rt_bg_image=&#8220;1911&#8243;][vc_column width=&#8220;1\/2&#8243; rt_column_shadow=&#8220;&#8220; rt_bg_image_repeat=&#8220;repeat&#8220; rt_bg_size=&#8220;auto auto&#8220; rt_bg_attachment=&#8220;scroll&#8220;][vc_empty_space height=&#8220;90px&#8220;]<div class=\"rt_heading_wrapper no-style\">\n\t\t\t\t\t\t<h1 class=\"rt_heading  no-style\"  style=\"font-size:65px;line-height:65px;letter-spacing:2px;\"> \u00fcber uns<\/h1>\n\t\t\t\t\t<\/div>[\/vc_column][vc_column width=&#8220;1\/2&#8243; rt_column_shadow=&#8220;&#8220; rt_bg_image_repeat=&#8220;repeat&#8220; rt_bg_size=&#8220;auto auto&#8220; rt_bg_attachment=&#8220;scroll&#8220;][vc_column_text]<br \/>\n[\/vc_column_text][\/vc_column][\/vc_row][vc_row rt_row_background_width=&#8220;fullwidth&#8220; rt_row_content_width=&#8220;default&#8220; rt_row_style=&#8220;default-style&#8220; rt_row_borders=&#8220;bottom&#8220; rt_row_shadows=&#8220;&#8220; rt_row_paddings=&#8220;true&#8220; rt_bg_effect=&#8220;classic&#8220; rt_bg_image_repeat=&#8220;repeat&#8220; rt_bg_size=&#8220;cover&#8220; rt_bg_position=&#8220;right top&#8220; rt_bg_attachment=&#8220;scroll&#8220; rt_bg_video_format=&#8220;self-hosted&#8220; rt_padding_bottom=&#8220;60&#8243;][vc_column width=&#8220;1\/2&#8243; rt_column_shadow=&#8220;&#8220; rt_bg_image_repeat=&#8220;repeat&#8220; rt_bg_size=&#8220;auto auto&#8220; rt_bg_attachment=&#8220;scroll&#8220;][vc_column_text]BRAEL- Medizinische Ger\u00e4te mit Sitz in Pu\u0142awy ist einer der f\u00fchrenden Hersteller von medizinischen Ger\u00e4ten in Polen und ein Marktf\u00fchrer in der Produktion von Ultraschall-Fetalt\u00f6nen. BRAEL-Medizinische Ger\u00e4te wurde 1997 als Fortsetzung der Aktivit\u00e4ten von Techpan gegr\u00fcndet, das seit 1976 in Pu\u0142awy Fetalt\u00f6ner UDT-10 und MDT-10 sowie Ultraschallger\u00e4te herstellte.<\/p>\n<p>Unsere Mission ist es, Produkte von hervorragender Qualit\u00e4t zu einem erschwinglichen Preis anzubieten.<\/p>\n<p>1997 haben wir den weltweit zweiten kompakten Fetalt\u00f6ner UDT-100 TONFET auf den Markt gebracht. Nach dem damit verbundenen Erfolg haben wir unser Angebot um kosteng\u00fcnstige Detektoren UDT-20 und hochwertige Detektoren UDT-300 erweitert, die die Herzfrequenz und die fetalen Bewegungen auf thermischem Papier aufzeichnen k\u00f6nnen, \u00e4hnlich wie bei Kardiotokografen. Im Jahr 2007 bringen wir den neuen kompakten Fetalt\u00f6ner FD-10D BabyPulse auf den Markt. Unser Ziel war es, dass der FD-10D eindeutig der beste kleine Doppler auf dem Weltmarkt ist, und das haben wir erreicht. Im Jahr 2008 wurde ein Kardiotokograf zur \u00dcberwachung von Einzel- oder Zwillingsschwangerschaften in unser Sortiment aufgenommen. Seine Vorteile &#8211; genaue Herzfrequenzmessung und kleine Gr\u00f6\u00dfe &#8211; haben ihn zu einer grundlegenden und obligatorischen Ausstattung von Krankenh\u00e4usern und gyn\u00e4kologischen Praxen gemacht. Er genie\u00dft auch einen guten Ruf bei ausl\u00e4ndischen Kunden. Im Jahr 2003 haben wir uns f\u00fcr den Export unserer Produkte entschieden. Derzeit wird ein erheblicher Teil unserer Produktion exportiert. BRAEL verf\u00fcgt \u00fcber ein zertifiziertes Qualit\u00e4tsmanagementsystem nach ISO 13485 f\u00fcr Design, Produktion, Service und Vertrieb (Notified Body No. 2274 T\u00dcV Nord).[\/vc_column_text][\/vc_column][vc_column width=&#8220;1\/2&#8243; rt_column_shadow=&#8220;&#8220; rt_bg_image_repeat=&#8220;repeat&#8220; rt_bg_size=&#8220;auto auto&#8220; rt_bg_attachment=&#8220;scroll&#8220; rt_margin_top=&#8220;-200&#8243; rt_bg_color=&#8220;&#8220; rt_padding_left=&#8220;30&#8243; rt_padding_right=&#8220;30&#8243;][vc_single_image image=&#8220;3239&#8243; img_size=&#8220;full&#8220;][vc_single_image image=&#8220;2860&#8243;][\/vc_column][\/vc_row]<\/p>","protected":false},"excerpt":{"rendered":"<p>[vc_row rt_row_background_width=&#8220;fullwidth&#8220; rt_row_content_width=&#8220;default&#8220; rt_row_style=&#8220;alt-style-2&#8243; rt_row_borders=&#8220;&#8220; rt_row_shadows=&#8220;&#8220; rt_row_paddings=&#8220;true&#8220; rt_bg_effect=&#8220;parallax&#8220; rt_bg_parallax_effect=&#8220;1&#8243; rt_bg_image_repeat=&#8220;repeat&#8220; rt_bg_size=&#8220;cover&#8220; rt_bg_position=&#8220;center bottom&#8220; rt_bg_video_format=&#8220;self-hosted&#8220; rt_padding_top=&#8220;190&#8243; rt_padding_bottom=&#8220;0&#8243; rt_grid=&#8220;&#8220; rt_bg_color=&#8220;#a2a5aa&#8220; rt_bg_overlay_color=&#8220;rgba(162,165,170,0.75)&#8220; rt_bg_image=&#8220;1911&#8243;][vc_column width=&#8220;1\/2&#8243; rt_column_shadow=&#8220;&#8220; rt_bg_image_repeat=&#8220;repeat&#8220; rt_bg_size=&#8220;auto auto&#8220; rt_bg_attachment=&#8220;scroll&#8220;][vc_empty_space height=&#8220;90px&#8220;][\/vc_column][vc_column width=&#8220;1\/2&#8243; rt_column_shadow=&#8220;&#8220; rt_bg_image_repeat=&#8220;repeat&#8220; rt_bg_size=&#8220;auto auto&#8220; rt_bg_attachment=&#8220;scroll&#8220;][vc_column_text] [\/vc_column_text][\/vc_column][\/vc_row][vc_row rt_row_background_width=&#8220;fullwidth&#8220; rt_row_content_width=&#8220;default&#8220; rt_row_style=&#8220;default-style&#8220; rt_row_borders=&#8220;bottom&#8220; rt_row_shadows=&#8220;&#8220; rt_row_paddings=&#8220;true&#8220; rt_bg_effect=&#8220;classic&#8220; rt_bg_image_repeat=&#8220;repeat&#8220; rt_bg_size=&#8220;cover&#8220; rt_bg_position=&#8220;right top&#8220; rt_bg_attachment=&#8220;scroll&#8220; rt_bg_video_format=&#8220;self-hosted&#8220; rt_padding_bottom=&#8220;60&#8243;][vc_column width=&#8220;1\/2&#8243; rt_column_shadow=&#8220;&#8220; rt_bg_image_repeat=&#8220;repeat&#8220; rt_bg_size=&#8220;auto auto&#8220; rt_bg_attachment=&#8220;scroll&#8220;][vc_column_text]BRAEL- Medizinische &#8230; <a class=\"more-link\" href=\"https:\/\/brael.com.pl\/de\/onas\/\">Continue reading<\/a><\/p>\n","protected":false},"author":1,"featured_media":0,"parent":0,"menu_order":0,"comment_status":"closed","ping_status":"closed","template":"","meta":{"footnotes":""},"_links":{"self":[{"href":"https:\/\/brael.com.pl\/de\/wp-json\/wp\/v2\/pages\/2686"}],"collection":[{"href":"https:\/\/brael.com.pl\/de\/wp-json\/wp\/v2\/pages"}],"about":[{"href":"https:\/\/brael.com.pl\/de\/wp-json\/wp\/v2\/types\/page"}],"author":[{"embeddable":true,"href":"https:\/\/brael.com.pl\/de\/wp-json\/wp\/v2\/users\/1"}],"replies":[{"embeddable":true,"href":"https:\/\/brael.com.pl\/de\/wp-json\/wp\/v2\/comments?post=2686"}],"version-history":[{"count":26,"href":"https:\/\/brael.com.pl\/de\/wp-json\/wp\/v2\/pages\/2686\/revisions"}],"predecessor-version":[{"id":3460,"href":"https:\/\/brael.com.pl\/de\/wp-json\/wp\/v2\/pages\/2686\/revisions\/3460"}],"wp:attachment":[{"href":"https:\/\/brael.com.pl\/de\/wp-json\/wp\/v2\/media?parent=2686"}],"curies":[{"name":"wp","href":"https:\/\/api.w.org\/{rel}","templated":true}]}}