{"id":3197,"date":"2022-05-30T14:08:34","date_gmt":"2022-05-30T12:08:34","guid":{"rendered":"https:\/\/brael.com.pl\/nowa_2020\/?page_id=3197"},"modified":"2023-05-21T18:46:31","modified_gmt":"2023-05-21T16:46:31","slug":"serwis","status":"publish","type":"page","link":"https:\/\/brael.com.pl\/de\/serwis\/","title":{"rendered":"Service"},"content":{"rendered":"<p><\/p>\n<p style=\"text-align: center;\"><strong>WARTUNG UND SERVICE<\/strong><\/p>\n<p>Die Firma BRAEL &#8211; Medizinische Ger\u00e4te bietet folgende Leistungen an:<\/p>\n<p><strong>&#8211; Verkauf und Service von Kardiotokographen-Sonden<\/strong><br \/>\n<strong>&#8211; Regelm\u00e4\u00dfige Inspektionen von Kardiotokographen und fetalem Herzfrequenzdetektoren<\/strong><br \/>\n<strong>&#8211; Garantieservice f\u00fcr BRAEL-Ger\u00e4te<\/strong><br \/>\n<strong>&#8211; Service nach Ablauf der Garantie<\/strong><\/p>\n<p>BRAEL &#8211; Medizinische Ger\u00e4te hat aufgrund langj\u00e4hriger Erfahrung in der Herstellung von Kardiotokographen und fetalem Herzfrequenzdetektoren beschlossen, den Kundenerwartungen gerecht zu werden und das Angebot an Serviceleistungen im Bereich Reparatur und Regeneration von Ultraschallsonden und TOCO zu erweitern.<\/p>\n<p><strong>Wir bieten Service f\u00fcr Kardiotokographen folgender Hersteller an:<\/strong><\/p>\n<p>&#8211; Sonicaid\/Huntleigh (Sonicaid Team Standard\/Duo, S8000, FM800, FM820, FM830, BD400xs)<br \/>\n&#8211; Philips\/HP (Avalon FM20, FM30, FM40, FM50, Viridia Serie 50A)<br \/>\n&#8211; Andere.<\/p>\n<p>Als einer der Marktf\u00fchrer in der Herstellung von Ultraschallger\u00e4ten zur \u00dcberwachung der fetalen Herzfrequenz verf\u00fcgen wir \u00fcber das n\u00f6tige Wissen und die Erfahrung, um Ultraschallsonden und TOCO voll funktionsf\u00e4hig wiederherzustellen.<\/p>\n<p>Um Kundenzufriedenheit zu gew\u00e4hrleisten, gew\u00e4hren wir auf alle reparierten Sonden eine 6-monatige Garantie.<\/p>\n<p>Die Serviceleistungen von BRAEL bieten nicht nur Qualit\u00e4tsgarantie, sondern auch Kosteneinsparungen von 30% bis 50%, und in einigen F\u00e4llen, bei bestimmten Herstellern, sogar bis zu 70% im Vergleich zum Preis einer neuen Sonde.<\/p>\n<p style=\"text-align: center;\"><strong>Wir laden Sie ein, unsere Dienstleistungen in Anspruch zu nehmen.<\/strong><\/p>\n<p><strong>Versandadresse:<\/strong><br \/>\n<strong>BRAEL &#8211; Medizinische Ger\u00e4te<\/strong><br \/>\n<strong>SERVICEABTEILUNG<\/strong><\/p>\n<p>Mo\u015bcickiego-Stra\u00dfe 1<br \/>\n24-110 Pu\u0142awy<br \/>\nTel: +48 81 565 70 77, Durchwahl 301<\/p>\n<p>Service: serwis@brael.com.pl<\/p>","protected":false},"excerpt":{"rendered":"<p>WARTUNG UND SERVICE Die Firma BRAEL &#8211; Medizinische Ger\u00e4te bietet folgende Leistungen an: &#8211; Verkauf und Service von Kardiotokographen-Sonden &#8211; Regelm\u00e4\u00dfige Inspektionen von Kardiotokographen und fetalem Herzfrequenzdetektoren &#8211; Garantieservice f\u00fcr BRAEL-Ger\u00e4te &#8211; Service nach Ablauf der Garantie BRAEL &#8211; Medizinische Ger\u00e4te hat aufgrund langj\u00e4hriger Erfahrung in der Herstellung von Kardiotokographen und fetalem Herzfrequenzdetektoren beschlossen, den &#8230; <a class=\"more-link\" href=\"https:\/\/brael.com.pl\/de\/serwis\/\">Continue reading<\/a><\/p>\n","protected":false},"author":1,"featured_media":0,"parent":0,"menu_order":0,"comment_status":"closed","ping_status":"closed","template":"","meta":{"footnotes":""},"_links":{"self":[{"href":"https:\/\/brael.com.pl\/de\/wp-json\/wp\/v2\/pages\/3197"}],"collection":[{"href":"https:\/\/brael.com.pl\/de\/wp-json\/wp\/v2\/pages"}],"about":[{"href":"https:\/\/brael.com.pl\/de\/wp-json\/wp\/v2\/types\/page"}],"author":[{"embeddable":true,"href":"https:\/\/brael.com.pl\/de\/wp-json\/wp\/v2\/users\/1"}],"replies":[{"embeddable":true,"href":"https:\/\/brael.com.pl\/de\/wp-json\/wp\/v2\/comments?post=3197"}],"version-history":[{"count":11,"href":"https:\/\/brael.com.pl\/de\/wp-json\/wp\/v2\/pages\/3197\/revisions"}],"predecessor-version":[{"id":3476,"href":"https:\/\/brael.com.pl\/de\/wp-json\/wp\/v2\/pages\/3197\/revisions\/3476"}],"wp:attachment":[{"href":"https:\/\/brael.com.pl\/de\/wp-json\/wp\/v2\/media?parent=3197"}],"curies":[{"name":"wp","href":"https:\/\/api.w.org\/{rel}","templated":true}]}}